{"id":302,"date":"2023-05-19T12:17:00","date_gmt":"2023-05-19T12:17:00","guid":{"rendered":"https:\/\/aldanitinetwork.com\/politique-de-privacite\/"},"modified":"2024-08-26T09:59:04","modified_gmt":"2024-08-26T09:59:04","slug":"politique-de-privacite","status":"publish","type":"page","link":"https:\/\/aldanitinetwork.com\/fr\/politique-de-privacite\/","title":{"rendered":"Politique de privacit\u00e9"},"content":{"rendered":"\n<ol class=\"wp-block-list\">\n<li><strong>1. QUI EST RESPONSABLE DU TRAITEMENT DE VOS DONN\u00c9ES ?<\/strong><\/li>\n<\/ol>\n\n<p>En fonction du service fourni et de votre pays d&rsquo;origine, vos donn\u00e9es seront trait\u00e9es par l&rsquo;une des soci\u00e9t\u00e9s suivantes:<\/p>\n\n<p>Les services de nutrition, qui comprennent l&rsquo;\u00e9valuation de votre \u00e9tat de sant\u00e9 et de votre \u00e9tat nutritionnel, l&rsquo;\u00e9laboration de plans d&rsquo;action et le suivi des r\u00e9sultats et de l&rsquo;\u00e9volution, seront fournis par l&rsquo;entreprise :<br\/>ALDANITI INTERNATIONAL NETWORK, LTD<br\/>Regus One Capital Quarter, 1 Capital Quarter, Tyndall Street<br\/>Cardiff (CF10 4BZ), Pays de Galles<br\/>info@aldanitigroup.com<br\/>Contact avec le DPO : dpo@aldanitigroup.com<\/p>\n\n<ul class=\"wp-block-list\">\n<li><strong>ALDANITI INTERNATIONAL NETWORK, LTD<\/strong><\/li>\n\n\n\n<li>Regus One Capital Quarter, 1 Capital Quarter, Tyndall Street<\/li>\n\n\n\n<li>Cardiff (CF10 4BZ), Pays de Galles<\/li>\n\n\n\n<li>info@aldanitigroup.com<\/li>\n\n\n\n<li>Contact avec le DPO : dpo@aldanitigroup.com<\/li>\n<\/ul>\n\n<p>En ce qui concerne les services de publicit\u00e9, si vous consentez \u00e0 ces objectifs, les responsables du traitement de vos donn\u00e9es seront :<\/p>\n\n<ul class=\"wp-block-list\">\n<li><strong>Si vous r\u00e9sidez en Espagne:<\/strong>\n<ul class=\"wp-block-list\">\n<li><strong>ADSALSA SLU<\/strong><\/li>\n\n\n\n<li>B42599308<\/li>\n\n\n\n<li>C\/ Fil\u00e1 Abencerrajes n\u00ba 4, Pol Ind Cotes Altes,<\/li>\n\n\n\n<li>03804, Alcoy (Alicante)<\/li>\n\n\n\n<li>T\u00e9l\u00e9phone : 965.334.670<\/li>\n\n\n\n<li>Contact avec le D\u00e9l\u00e9gu\u00e9 \u00e0 la Protection des Donn\u00e9es : dpo@adsalsagroup.com<\/li>\n<\/ul>\n<\/li>\n\n\n\n<li><strong>Si vous r\u00e9sidez en Italie : Le traitement de vos donn\u00e9es personnelles sera effectu\u00e9 par :<\/strong>\n<ul class=\"wp-block-list\">\n<li><strong>ADSALSA ITALIA PUBLICIDAD SUCURSAL Via Roma n. 16<br\/>20091 Bresso (MI)<br\/>C.F. et P.I. 06723050966<br\/>T\u00e9l\u00e9phone : 02 47921660<br\/><br\/><\/strong><\/li>\n\n\n\n<li>Via Roma n. 16 <\/li>\n\n\n\n<li>20091 Bresso (MI)<\/li>\n\n\n\n<li>C.F. e P.I. 06723050966<\/li>\n\n\n\n<li>Phone: 02 47921660<\/li>\n\n\n\n<li>Coordonn\u00e9es du D\u00e9l\u00e9gu\u00e9 \u00e0 la Protection des Donn\u00e9es :<br\/>responsabiledatipersonali@lafabbricadeipremi.com<\/li>\n<\/ul>\n<\/li>\n\n\n\n<li><strong>Si vous r\u00e9sidez dans un autre pays :<\/strong>\n<ul class=\"wp-block-list\">\n<li><strong>ALDANITI INTERNATIONAL NETWORK, LTD<\/strong><\/li>\n\n\n\n<li>Regus One Capital Quarter, 1 Capital Quarter, Tyndall Street<\/li>\n\n\n\n<li>Cardiff (CF10 4BZ), Pays de Galles<\/li>\n\n\n\n<li>info@aldanitigroup.com<\/li>\n\n\n\n<li>Contact avec le DPO : dpo@aldanitigroup.com<\/li>\n<\/ul>\n<\/li>\n<\/ul>\n\n<ol start=\"2\" class=\"wp-block-list\">\n<li><strong>2. QUELLE EST LA FINALIT\u00c9 DU TRAITEMENT?<\/strong><\/li>\n<\/ol>\n\n<p><strong>Traitements d&rsquo;information nutritionnelle:<\/strong><\/p>\n\n<p>ALDANITI traitera vos donn\u00e9es aux fins suivantes:<\/p>\n\n<p><strong>OBJECTIF 1: <\/strong>Pouvoir proc\u00e9der \u00e0 l&rsquo;\u00e9valuation de votre \u00e9tat de sant\u00e9 et de votre \u00e9tat nutritionnel, \u00e9tablir des plans d&rsquo;action pour am\u00e9liorer votre sant\u00e9 nutritionnelle et pouvoir suivre votre \u00e9volution. \u00c0 cette fin, outre vos donn\u00e9es d&rsquo;identification (nom et pr\u00e9nom, t\u00e9l\u00e9phone, e-mail et image), vous devrez nous fournir des donn\u00e9es telles que vos loisirs et votre style de vie, vos donn\u00e9es familiales, votre date de naissance, votre \u00e2ge, votre sexe, votre profession ou votre emploi, ainsi que vos donn\u00e9es de sant\u00e9, y compris vos ant\u00e9c\u00e9dents pathologiques, les interventions chirurgicales, les traitements pharmacologiques que vous suivez et vos donn\u00e9es anthropom\u00e9triques relatives \u00e0 votre poids, votre taille et votre tour de taille et de hanches. Nous conserverons vos donn\u00e9es pendant 5 ans \u00e0 compter de votre derni\u00e8re visite.<br\/>  <\/p>\n\n<p><strong>OBJECTIF 2:<\/strong> Afin de g\u00e9rer votre commande, d&rsquo;en assurer la facturation et d&rsquo;en g\u00e9rer l&rsquo;encaissement. Pour ce faire, nous n&rsquo;avons besoin que de vos donn\u00e9es d&rsquo;identification telles que le nom, le pr\u00e9nom, le num\u00e9ro de t\u00e9l\u00e9phone et l&rsquo;adresse \u00e9lectronique. Nous conserverons vos donn\u00e9es pendant 5 ans.  <\/p>\n\n<p><strong>OBJECTIF 3 :<\/strong> Publier les vid\u00e9os et les photos que vous nous envoyez sur nos profils sociaux et notre site web afin de partager vos succ\u00e8s. Les donn\u00e9es que nous publierons seront votre nom, pr\u00e9nom, voix\/image et les donn\u00e9es anthropom\u00e9triques que vous nous fournirez. Nous conserverons vos donn\u00e9es tant que vous ne nous demanderez pas de les supprimer.  <\/p>\n\n<p><strong>OBJECTIF 4:<\/strong> Vous envoyer notre newsletter si vous souhaitez la recevoir. Nous conserverons vos donn\u00e9es tant que vous ne nous demanderez pas de les supprimer. <\/p>\n\n<p><strong>Traitement publicitaire effectu\u00e9 par Aldaniti International Network, LTD, ADSALSA SLU, ou ADSALSA ITALIA PUBLICIDAD SUCURSAL, en fonction de votre lieu de r\u00e9sidence.<\/strong><\/p>\n\n<ol class=\"wp-block-list\">\n<li><strong>1. Envoi de communications commerciales des soci\u00e9t\u00e9s tierces:<\/strong> Nous traiterons vos donn\u00e9es pour vous envoyer des communications commerciales de tiers (annonceurs) ou pour r\u00e9aliser des \u00e9tudes de march\u00e9 qui nous sont confi\u00e9es par nos clients. Ces communications commerciales seront effectu\u00e9es directement par notre soci\u00e9t\u00e9 et en aucun cas nous ne c\u00e9derons vos donn\u00e9es \u00e0 des tiers. Les donn\u00e9es que nous utiliserons pour vous envoyer ce type de communications seront votre nom, votre pr\u00e9nom et votre adresse e-mail.  <\/li>\n\n\n\n<li><strong>2. Communication de vos donn\u00e9es \u00e0 des soci\u00e9t\u00e9s tierces:<\/strong> \u00c0 condition que vous nous donniez votre consentement, par le biais de la case correspondante du formulaire de contact, nous pouvons communiquer vos donn\u00e9es \u00e0 des soci\u00e9t\u00e9s, des organisations et\/ou des entit\u00e9s int\u00e9ress\u00e9es \u00e0 diriger leurs propres actions commerciales vers vous (par exemple, une compagnie d&rsquo;assurance peut vous appeler pour vous proposer une assurance automobile, un constructeur automobile peut vous appeler pour vous proposer un essai gratuit du v\u00e9hicule qu&rsquo;il lance sur le march\u00e9 &#8230;., etc. Dans ce cas, vos donn\u00e9es seront communiqu\u00e9es \u00e0 ces tiers afin qu&rsquo;ils puissent eux-m\u00eames, par leurs propres moyens, communiquer avec vous. Les donn\u00e9es que nous communiquerons aux entreprises tierces seront le sexe, le nom, le pr\u00e9nom, le CP, la ville, la province, la date de naissance, le t\u00e9l\u00e9phone et\/ou l&rsquo;adresse postale, selon le canal par lequel l&rsquo;annonceur souhaite vous contacter. Occasionnellement, nous pouvons \u00e9galement communiquer la date d&rsquo;enregistrement dans notre syst\u00e8me.   <\/li>\n\n\n\n<li><strong>3. Segmentation des personnes int\u00e9ress\u00e9es:<\/strong> En fonction des campagnes \u00e0 r\u00e9aliser. En tenant compte uniquement des donn\u00e9es que vous avez fournies dans le formulaire d&rsquo;inscription, nous proc\u00e9dons parfois \u00e0 la segmentation des campagnes publicitaires dans le seul but d&rsquo;en accro\u00eetre le succ\u00e8s (par exemple : l&rsquo;ouverture d&rsquo;un certain magasin de v\u00eatements pour hommes \u00e0 Madrid ne ciblera que les hommes qui habitent dans certains codes postaux de la ville). Dans ce type de segmentation, le niveau d&rsquo;intrusion dans la sph\u00e8re priv\u00e9e de la personne concern\u00e9e est minimal, puisque seules les donn\u00e9es fournies par la personne concern\u00e9e elle-m\u00eame lors de son inscription (\u00e2ge, sexe, code postal&#8230;) sont utilis\u00e9es, sans en aucun cas suivre les personnes \u00e0 travers diff\u00e9rents sites web, dispositifs et\/ou services. <\/li>\n<\/ol>\n\n<p>Afin d&rsquo;atteindre les objectifs d\u00e9crits ci-dessus, nous soumettons vos donn\u00e9es \u00e0 des op\u00e9rations de normalisation, de d\u00e9duplication, de filtrage et de v\u00e9rification. <strong>Comment fonctionne la v\u00e9rification de vos donn\u00e9es?<\/strong><\/p>\n\n<p>Nous v\u00e9rifions vos donn\u00e9es de plusieurs mani\u00e8res:<\/p>\n\n<ul class=\"wp-block-list\">\n<li><strong>T\u00e9l\u00e9phone:<\/strong> au moment de votre enregistrement, un syst\u00e8me automatique effectuera un appel de v\u00e9rification au cours duquel nous vous demanderons de composer une cl\u00e9 afin que vous puissiez nous dire si ce num\u00e9ro de t\u00e9l\u00e9phone vous appartient r\u00e9ellement.<\/li>\n\n\n\n<li><strong>Email:<\/strong> Si, lorsque nous vous envoyons un courrier \u00e9lectronique, les fournisseurs d&rsquo;acc\u00e8s \u00e0 Internet nous indiquent que votre adresse \u00e9lectronique n&rsquo;existe pas, que vous avez marqu\u00e9 la communication comme ind\u00e9sirable ou que vous avez d\u00e9pos\u00e9 une plainte, nous d\u00e9sactiverons votre adresse \u00e9lectronique afin de nous assurer que vous ne recevrez plus jamais de communications commerciales de notre part.<\/li>\n<\/ul>\n\n<p>Il est tr\u00e8s important pour nous que vos donn\u00e9es soient correctes, car nous avons besoin qu&rsquo;elles soient vraies et exactes \u00e0 des fins commerciales afin de garantir que vous puissiez \u00eatre contact\u00e9 \u00e0 des fins publicitaires.<\/p>\n\n<p><strong>Par quels canaux les communications commerciales peuvent-elles vous parvenir et sur quels secteurs d&rsquo;activit\u00e9 pouvez-vous recevoir des informations?<\/strong><\/p>\n\n<p>Tant dans le cas des communications effectu\u00e9es par notre soci\u00e9t\u00e9 que dans celui des communications effectu\u00e9es par des soci\u00e9t\u00e9s tierces, les communications commerciales peuvent vous parvenir par les canaux suivants:<\/p>\n\n<ul class=\"wp-block-list\">\n<li>Email,<\/li>\n\n\n\n<li>courrier postal<\/li>\n\n\n\n<li>appels t\u00e9l\u00e9phoniques vers des t\u00e9l\u00e9phones fixes ou mobiles<\/li>\n\n\n\n<li>envoi de messages SMS et\/ou MMS<\/li>\n\n\n\n<li>services de messagerie multiplateforme, chat<\/li>\n\n\n\n<li>appels automatis\u00e9s sans intervention humaine<\/li>\n\n\n\n<li>notifications Push<\/li>\n<\/ul>\n\n<p>Et les secteurs d&rsquo;activit\u00e9 sur lesquels vous pourrez recevoir des informations seront les suivantes:<\/p>\n\n<ul class=\"wp-block-list\">\n<li><strong>T\u00e9l\u00e9communications:<\/strong> Produits et services de t\u00e9l\u00e9communications et de technologie.<\/li>\n\n\n\n<li><strong>Financier:<\/strong> Fourni par les institutions financi\u00e8res, d&rsquo;assurance et de s\u00e9curit\u00e9 sociale. Interm\u00e9diation financi\u00e8re et interm\u00e9diation en assurance. <\/li>\n\n\n\n<li><strong>Loisirs:<\/strong> \u00c9dition, tourisme, sports, collection, photographie, hobbies, jouets, transport, jardinage, loisirs, loteries, clubs de loterie, communication et divertissement. Voyance. <\/li>\n\n\n\n<li><strong>Grande consommation:<\/strong> \u00c9lectronique, informatique, textile, image et son, accessoires, maison, bazar, soins personnels (cosm\u00e9tique, parfumerie, parapharmacie, sp\u00e9cialit\u00e9s pharmaceutiques publicitaires), mobilier, alimentation et boissons, mat\u00e9riel de cuisine. Mode et d\u00e9coration.<\/li>\n\n\n\n<li><strong>Optique et optom\u00e9trie.<\/strong><\/li>\n\n\n\n<li><strong>Automobile:<\/strong> Produits et services li\u00e9s \u00e0 l&rsquo;automobile, motos, camions.<\/li>\n\n\n\n<li><strong>Propagande \u00e9lectorale.<\/strong><\/li>\n\n\n\n<li><strong>\u00c9ducation.<\/strong><\/li>\n\n\n\n<li><strong>\u00c9nergie et eau:<\/strong> Produits li\u00e9s \u00e0 l&rsquo;\u00e9lectricit\u00e9, aux hydrocarbures, au gaz et \u00e0 l\u2019eau.<\/li>\n\n\n\n<li><strong>ONG:<\/strong> Produits et services li\u00e9s aux ONG&rsquo;s.<\/li>\n\n\n\n<li><strong>Soci\u00e9t\u00e9s de marketing \/ centres d&rsquo;appels.<\/strong><\/li>\n\n\n\n<li><strong>Conseil Tecno\/Juridique:<\/strong> Services juridiques, administratifs et professionnels, conseil et audit fiscal, comptable, travail, civil et commercial.<\/li>\n\n\n\n<li><strong>Centres d&rsquo;appels, entreprises de marketing.<\/strong><\/li>\n<\/ul>\n\n<p><strong>Quelles sont les donn\u00e9es que nous recueillons aupr\u00e8s de vous ?<\/strong><\/p>\n\n<p>Nous collectons les donn\u00e9es obligatoires suivantes:<\/p>\n\n<ul class=\"wp-block-list\">\n<li>Sexe<\/li>\n\n\n\n<li>Adresse e-mail<\/li>\n\n\n\n<li>Nom<\/li>\n\n\n\n<li>Pr\u00e9nom<\/li>\n\n\n\n<li>Num\u00e9ro de t\u00e9l\u00e9phone<\/li>\n\n\n\n<li>Num\u00e9ro de t\u00e9l\u00e9phone portable<\/li>\n\n\n\n<li>Code postal<\/li>\n\n\n\n<li>Ville<\/li>\n\n\n\n<li>Date de naissance (vous ne pouvez pas vous inscrire si vous avez moins de 18 ans)<\/li>\n\n\n\n<li>Adresse postale (Rue, Num\u00e9ro, \u00c9tage, Porte) n\u2019est parfois pas demand\u00e9e.<\/li>\n<\/ul>\n\n<p>En plus de ces donn\u00e9es, nous enregistrons votre IP d&rsquo;inscription et votre agent utilisateur (une cha\u00eene de texte qui identifie votre appareil, votre navigateur et votre syst\u00e8me d&rsquo;exploitation).<\/p>\n\n<p>Sur une base volontaire, \u00e0 travers certaines questions, vous pourrez nous informer de certains aspects tels que les entreprises qui vous fournissent l&rsquo;\u00e9lectricit\u00e9, le gaz ou l&rsquo;ADSL ; si vous avez des enfants et dans quelle tranche d&rsquo;\u00e2ge ils se trouvent ; si vous travaillez et quelle est votre profession ; si vous collaborez avec une ONG. En tout \u00e9tat de cause, le fait de ne pas r\u00e9pondre \u00e0 ces questions ne r\u00e9duira pas vos chances de gagner le prix. <\/p>\n\n<ol start=\"3\" class=\"wp-block-list\">\n<li><strong>3. QUELLE EST LA L\u00c9GITIMIT\u00c9 DU TRAITEMENT DE VOS DONN\u00c9ES?<\/strong><\/li>\n<\/ol>\n\n<p>La base juridique de la qualit\u00e9 pour agir varie en fonction de la finalit\u00e9:<\/p>\n\n<p><strong>Traitements li\u00e9s \u00e0 la fourniture d\u2019une assistance nutritionnelle<\/strong><\/p>\n\n<ul class=\"wp-block-list\">\n<li>Afin de proc\u00e9der \u00e0 l&rsquo;\u00e9valuation de votre \u00e9tat de sant\u00e9 et de votre \u00e9tat nutritionnel, d&rsquo;\u00e9laborer des plans d&rsquo;action pour am\u00e9liorer votre sant\u00e9 nutritionnelle et de suivre vos progr\u00e8s, notre base l\u00e9gale de l\u00e9gitimit\u00e9 est l&rsquo;ex\u00e9cution du contrat de l&rsquo;article 6,1,b GDPR en relation avec l&rsquo;article 9,2,h GDPR qui permet aux nutritionnistes qui vous traiteront d&rsquo;effectuer le traitement de vos donn\u00e9es de sant\u00e9 afin de r\u00e9aliser des soins de sant\u00e9, des diagnostics m\u00e9dicaux, une assistance ou un traitement de nature sanitaire ou sociale.<\/li>\n\n\n\n<li>Pour le traitement de votre commande, la facturation et l&rsquo;encaissement du paiement, notre base l\u00e9gale de l\u00e9gitimit\u00e9 est l&rsquo;ex\u00e9cution d&rsquo;un contrat auquel la personne concern\u00e9e est partie.<\/li>\n\n\n\n<li>Afin de publier les vid\u00e9os et les photos que vous nous envoyez sur nos profils sociaux et notre site web et de partager vos r\u00e9alisations, nous aurons besoin de votre consentement pour le faire.<\/li>\n\n\n\n<li>Pour vous envoyer notre newsletter si vous souhaitez la recevoir, nous aurons \u00e9galement besoin de votre consentement.<\/li>\n\n\n\n<li>Traitement \u00e0 des fins publicitaires:<br\/>Tant l&rsquo;envoi de communications commerciales de la part de tiers que la communication de vos donn\u00e9es \u00e0 des annonceurs tiers requi\u00e8rent votre consentement. Ce consentement peut \u00eatre accord\u00e9 par le biais des cases que vous trouverez sur le formulaire d&rsquo;inscription, dont la coche n&rsquo;est en aucun cas obligatoire.<br\/>Pour la segmentation des personnes concern\u00e9es en fonction des campagnes \u00e0 mener &#8211; La base de l\u00e9gitimit\u00e9 est notre int\u00e9r\u00eat l\u00e9gitime \u00e0 essayer d&rsquo;assurer le meilleur r\u00e9sultat des campagnes publicitaires.<\/li>\n<\/ul>\n\n<p><strong>4. \u00c0 QUELS DESTINATAIRES VOS DONN\u00c9ES PERSONNELLES SERONT-ELLES COMMUNIQU\u00c9ES?<\/strong><\/p>\n\n<p>\u00c0 des fins publicitaires, ALDANITI INTERNATIONAL NETWORK, LTD, ADSALSA SLU et ADSALSA ITALIA PUBLICIDAD SUCURSAL peuvent communiquer vos donn\u00e9es \u00e0 des soci\u00e9t\u00e9s, organisations et\/ou entit\u00e9s int\u00e9ress\u00e9es par la r\u00e9alisation d&rsquo;actions publicitaires ou d&rsquo;\u00e9tudes de march\u00e9. Les entreprises qui re\u00e7oivent vos donn\u00e9es peuvent appartenir aux secteurs d&rsquo;activit\u00e9 que nous avons indiqu\u00e9s dans le point intitul\u00e9 \u00ab Par quels canaux les communications commerciales peuvent-elles vous parvenir et sur quels secteurs d&rsquo;activit\u00e9 pouvez-vous recevoir des informations. <\/p>\n\n<p><strong>5. QUELS SONT VOS DROITS LORSQUE VOUS NOUS FOURNISSEZ VOS DONN\u00c9ES PERSONNELLES?<\/strong><\/p>\n\n<p>Vous avez le droit de:<\/p>\n\n<ul class=\"wp-block-list\">\n<li>Acc\u00e9der \u00e0 vos donn\u00e9es personnelles.<\/li>\n\n\n\n<li>Demander leur rectification.<\/li>\n\n\n\n<li>Demander leur suppression.<\/li>\n\n\n\n<li>Vous opposer \u00e0 leur traitement.<\/li>\n\n\n\n<li>Demander la limitation de leur traitement.<\/li>\n\n\n\n<li>Demander la portabilit\u00e9 des donn\u00e9es personnelles.<\/li>\n<\/ul>\n\n<p>Pour exercer vos droits, vous pouvez contacter :<br\/>ALDANITI INTERNATIONAL NETWORK, LTD<br\/>Regus One Capital Quarter, 1 Capital Quarter, Tyndall Street<br\/>Cardiff (CF10 4BZ), Pays de Galles<br\/>info@aldanitigroup.com<br\/>Contact avec le DPO : dpo@aldanitigroup.com<\/p>\n\n<p><strong>En ce qui concerne les finalit\u00e9s publicitaires, si vous \u00eates r\u00e9sident en ESPAGNE :<\/strong><br\/><br\/>ADSALSA SLU<br\/>C\/ Fil\u00e1 Abencerrajes n\u00ba 4, Pol Ind Cotes Altes, 03804, Alcoy (Alicante)<br\/>Contact avec le D\u00e9l\u00e9gu\u00e9 \u00e0 la Protection des Donn\u00e9es : dpo@adsalsagroup.com<\/p>\n\n<ul class=\"wp-block-list\">\n<li><strong>Si vous \u00eates r\u00e9sident en ITALIE :<br\/><br\/><\/strong><\/li>\n\n\n\n<li>ADSALSA ITALIA PUBLICIDAD SUCURSAL<br\/><br\/><\/li>\n\n\n\n<li>Via Roma n. 16 <\/li>\n\n\n\n<li>20091 Bresso (MI)<\/li>\n\n\n\n<li>C.F. e P.I. 06723050966<\/li>\n\n\n\n<li>Phone: 02 47921660<\/li>\n\n\n\n<li><a href=\"https:\/\/mail.google.com\/mail\/?view=cm&amp;fs=1&amp;tf=1&amp;to=info@lafabbricadeipremi.com\" target=\"_blank\" rel=\"noopener\"><\/a><a href=\"https:\/\/mail.google.com\/mail\/?view=cm&amp;fs=1&amp;tf=1&amp;to=info@lafabbricadeipremi.com\" target=\"_blank\" rel=\"noopener\">info@lafabbricadeipremi.com<\/a><\/li>\n<\/ul>\n\n<p>Votre demande doit inclure la date, nom et pr\u00e9nom, la nature de la demande, et l&rsquo;adresse pour les notifications.<br\/>Si vous estimez que l&rsquo;une des entreprises n&rsquo;a pas correctement trait\u00e9 votre demande, vous pouvez demander la protection des autorit\u00e9s de protection des donn\u00e9es : <a href=\"https:\/\/ico.org.uk\/\" target=\"_blank\" rel=\"noopener\">https:\/\/ico.org.uk\/<\/a>, <a href=\"http:\/\/www.agpd.es\" target=\"_blank\" rel=\"noopener\">www.agpd.es<\/a>, ou <a href=\"https:\/\/garanteprivacy.it\/\" target=\"_blank\" rel=\"noopener\">https:\/\/garanteprivacy.it\/<\/a>. <\/p>\n\n<p><\/p>\n\n<p><\/p>\n","protected":false},"excerpt":{"rendered":"<p>En fonction du service fourni et de votre pays d&rsquo;origine, vos donn\u00e9es seront trait\u00e9es par l&rsquo;une des soci\u00e9t\u00e9s suivantes: Les services de nutrition, qui comprennent l&rsquo;\u00e9valuation de votre \u00e9tat de sant\u00e9 et de votre \u00e9tat nutritionnel, l&rsquo;\u00e9laboration de plans d&rsquo;action et le suivi des r\u00e9sultats et de l&rsquo;\u00e9volution, seront fournis par l&rsquo;entreprise :ALDANITI INTERNATIONAL NETWORK, [&hellip;]<\/p>\n","protected":false},"author":1,"featured_media":0,"parent":0,"menu_order":0,"comment_status":"closed","ping_status":"closed","template":"","meta":{"_et_pb_use_builder":"","_et_pb_old_content":"","_et_gb_content_width":"","footnotes":""},"class_list":["post-302","page","type-page","status-publish","hentry"],"_links":{"self":[{"href":"https:\/\/aldanitinetwork.com\/fr\/wp-json\/wp\/v2\/pages\/302","targetHints":{"allow":["GET"]}}],"collection":[{"href":"https:\/\/aldanitinetwork.com\/fr\/wp-json\/wp\/v2\/pages"}],"about":[{"href":"https:\/\/aldanitinetwork.com\/fr\/wp-json\/wp\/v2\/types\/page"}],"author":[{"embeddable":true,"href":"https:\/\/aldanitinetwork.com\/fr\/wp-json\/wp\/v2\/users\/1"}],"replies":[{"embeddable":true,"href":"https:\/\/aldanitinetwork.com\/fr\/wp-json\/wp\/v2\/comments?post=302"}],"version-history":[{"count":3,"href":"https:\/\/aldanitinetwork.com\/fr\/wp-json\/wp\/v2\/pages\/302\/revisions"}],"predecessor-version":[{"id":305,"href":"https:\/\/aldanitinetwork.com\/fr\/wp-json\/wp\/v2\/pages\/302\/revisions\/305"}],"wp:attachment":[{"href":"https:\/\/aldanitinetwork.com\/fr\/wp-json\/wp\/v2\/media?parent=302"}],"curies":[{"name":"wp","href":"https:\/\/api.w.org\/{rel}","templated":true}]}}