{"id":300,"date":"2023-05-19T12:17:00","date_gmt":"2023-05-19T12:17:00","guid":{"rendered":"https:\/\/aldanitinetwork.com\/informativa-sulla-privacy-2\/"},"modified":"2024-08-28T08:13:20","modified_gmt":"2024-08-28T08:13:20","slug":"informativa-sulla-privacy","status":"publish","type":"page","link":"https:\/\/aldanitinetwork.com\/it\/informativa-sulla-privacy\/","title":{"rendered":"Informativa sulla privacy"},"content":{"rendered":"\n<ol class=\"wp-block-list\">\n<li><strong>CHI \u00c8 IL TITOLARE DEL TRATTAMENTO DEI TUOI DATI?<\/strong><\/li>\n<\/ol>\n\n<p>A seconda del servizio offerto e del tuo paese di origine, il trattamento dei tuoi dati sar\u00e0 effettuato da una delle aziende di seguito indicate.<\/p>\n\n<p>Per quanto riguarda i servizi di nutrizione, che includono la valutazione del tuo stato di salute e del tuo stato nutrizionale, l&#8217;elaborazione di piani d&#8217;azione e il monitoraggio dei risultati e dell&#8217;evoluzione, il titolare del trattamento \u00e8:<br\/> ALDANITI INTERNATIONAL NETWORK, LTD<br\/>Regus One Capital Quarter, 1 Capital Quarter, Tyndall Street<br\/>Cardiff (CF10 4BZ), Galles<br\/>info@aldanitigroup.com<br\/>Contatto con il DPO: dpo@aldanitigroup.com<\/p>\n\n<ul class=\"wp-block-list\">\n<li><strong>ALDANITI INTERNATIONAL NETWORK, LTD<\/strong><\/li>\n\n\n\n<li>Regus One Capital Quarter, 1 Capital Quarter, Tyndall Street<\/li>\n\n\n\n<li>Cardiff (CF10 4BZ), Galles<\/li>\n\n\n\n<li>info@aldanitigroup.com<\/li>\n\n\n\n<li>Contatto con il DPO: dpo@aldanitigroup.com<\/li>\n<\/ul>\n\n<p>Per quanto riguarda i servizi pubblicitari, nel caso in cui tu acconsenta a tali finalit\u00e0, i titolari del trattamento dei tuoi dati sono i seguenti.<\/p>\n\n<ul class=\"wp-block-list\">\n<li><strong>Se risiedi in Spagna<\/strong>\n<ul class=\"wp-block-list\">\n<li><strong>ADSALSA SLU<\/strong><\/li>\n\n\n\n<li>B42599308<\/li>\n\n\n\n<li>C\/ Fil\u00e1 Abencerrajes n\u00ba 4, Pol Ind Cotes Altes,<\/li>\n\n\n\n<li>03804, Alcoy (Alicante)<\/li>\n\n\n\n<li>Telefono: 965.334.670<\/li>\n\n\n\n<li>Contatto con il DPO: dpo@adsalsagroup.com<\/li>\n<\/ul>\n<\/li>\n\n\n\n<li><strong>Se risiedi in Italia, il trattamento dei tuoi dati personali sar\u00e0 effettuato da:<\/strong>\n<ul class=\"wp-block-list\">\n<li><strong>ADSALSA ITALIA PUBLICIDAD SUCURSAL Via Roma n. 16<br\/>20091 Bresso (MI)<br\/>C.F. e P.I. 06723050966<br\/>Telefono: 02 47921660<\/strong><\/li>\n\n\n\n<li>Via Roma n. 16 <\/li>\n\n\n\n<li>20091 Bresso (MI)<\/li>\n\n\n\n<li>C.F. e P.I. 06723050966<\/li>\n\n\n\n<li>Telefono: 02 47921660<\/li>\n\n\n\n<li>Dati di contatto con il DPO: responsabiledatipersonali@lafabbricadeipremi.com<\/li>\n<\/ul>\n<\/li>\n\n\n\n<li><strong>Se risiedi in un altro paese terzo, diverso dai precedenti sopra menzionati:<\/strong>\n<ul class=\"wp-block-list\">\n<li><strong>ALDANITI INTERNATIONAL NETWORK, LTD<\/strong><\/li>\n\n\n\n<li>Regus One Capital Quarter, 1 Capital Quarter, Tyndall Street<\/li>\n\n\n\n<li>Cardiff (CF10 4BZ), Galles<\/li>\n\n\n\n<li>info@aldanitigroup.com<\/li>\n\n\n\n<li>Contatto con il DPO: dpo@aldanitigroup.com<\/li>\n<\/ul>\n<\/li>\n<\/ul>\n\n<ol start=\"2\" class=\"wp-block-list\">\n<li><strong>QUAL \u00c8 LA FINALIT\u00c0 DEL TRATTAMENTO?<\/strong><\/li>\n<\/ol>\n\n<p><strong>Trattamento di informazioni nutrizionali:<\/strong><\/p>\n\n<p><br\/>ALDANITI utilizzer\u00e0 i tuoi dati per le seguenti finalit\u00e0.<\/p>\n\n<p><strong>FINALIT\u00c0 1<\/strong>: Effettuare la valutazione del tuo stato di salute e del tuo stato nutrizionale, elaborare piani d&#8217;azione per migliorare la tua salute nutrizionale e monitorare la tua evoluzione. A tal fine, sar\u00e0 necessario fornirci, oltre ai tuoi dati identificativi (nome e cognome, telefono, email e immagine), ulteriori dati come hobby e stile di vita, dati familiari, data di nascita, et\u00e0, sesso, professione o posizione lavorativa, oltre che i tuoi dati sanitari, inclusi i tuoi precedenti patologici, interventi chirurgici, trattamenti farmacologici a cui sei sottoposto, ed i tuoi dati antropometrici relativi al peso, altezza e circonferenza vita e fianchi. Conserveremo i tuoi dati per 5 anni dalla tua ultima consulenza.  <\/p>\n\n<p><strong>FINALIT\u00c0 2: <\/strong>Gestire il tuo ordine, effettuare la fatturazione e gestire il pagamento. A tal fine, abbiamo bisogno solo dei tuoi dati identificativi come nome, cognome, numero di telefono ed email. Conserveremo i tuoi dati per 5 anni.  <\/p>\n\n<p><strong>FINALIT\u00c0 3:<\/strong> Pubblicazione di video e foto che ci invii sui nostri profili social e sito web, condividendo cos\u00ec i tuoi successi. I dati che pubblicheremo saranno il tuo nome, cognome, voce\/immagine ed i dati antropometrici che ci fornisci. Conserveremo i tuoi dati fino a quando non ci richiederai la loro cancellazione.  <\/p>\n\n<p><strong>FINALIT\u00c0 4:<\/strong> Invio della nostra newsletter nel caso desideri riceverla. Conserveremo i tuoi dati fino a quando non ci richiederai la loro cancellazione. <\/p>\n\n<p><strong>Trattamenti pubblicitari effettuati da Aldaniti International Network, LTD, ADSALSA SLU, o ADSALSA ITALIA PUBLICIDAD SUCURSAL, a seconda del tuo luogo di residenza.<\/strong><\/p>\n\n<ol class=\"wp-block-list\">\n<li><strong>Invio di comunicazioni commerciali di terze parti:<\/strong> Tratteremo i tuoi dati per inviarti comunicazioni commerciali di terzi (inserzionisti) o per realizzare studi di mercato affidati dai nostri clienti. Queste comunicazioni commerciali saranno effettuate direttamente dalla nostra azienda senza mai cedere i tuoi dati a terzi. I dati che utilizzeremo per inviarti queste comunicazioni saranno il tuo nome, cognome e indirizzo email.  <\/li>\n\n\n\n<li><strong>Comunicazione dei tuoi dati a terze parti:<\/strong> Sempre con il tuo consenso, espresso attraverso l&#8217;apposito checkbox nel modulo di contatto, potremo comunicare i tuoi dati a societ\u00e0, organizzazioni e\/o enti interessati a inviarti le proprie azioni commerciali (es. una compagnia assicurativa potrebbe chiamarti per offrirti un&#8217;assicurazione auto, una casa automobilistica potrebbe chiamarti per offrirti una prova gratuita del veicolo che sta lanciando sul mercato, ecc.) o per realizzare studi di mercato. In questo caso, i tuoi dati saranno comunicati a queste terze parti affinch\u00e9 esse possano contattarti direttamente tramite i loro canali. I dati che comunicheremo alle terze parti saranno sesso, nome, cognome, CAP, citt\u00e0, provincia, data di nascita, telefono e\/o indirizzo postale, secondo il canale che l&#8217;inserzionista vorr\u00e0 utilizzare per contattarti. In qualche caso potremmo comunicare anche la tua data di registrazione all\u2019interno del nostro sistema.   <\/li>\n\n\n\n<li><strong>Segmentazione degli interessati:<\/strong> in base alle campagne che verranno realizzate, tenendo conto esclusivamente dei dati da te forniti nel modulo di registrazione, in alcune occasioni procederemo alla segmentazione delle campagne pubblicitarie con il solo obiettivo di incrementare il successo delle stesse (es: l&#8217;apertura di un negozio di abbigliamento maschile a Madrid, verr\u00e0 indirizzata solo a uomini che vivono in determinate zone della citt\u00e0). In questo tipo di segmentazioni, il livello di intrusione nella sfera privata dell&#8217;interessato \u00e8 minimo, in quanto ci si basa esclusivamente sui dati forniti dall&#8217;interessato durante la registrazione (et\u00e0, sesso, codice postale etc), senza mai monitorare le persone attraverso diversi siti web, dispositivi e\/o servizi. <\/li>\n<\/ol>\n\n<p>Per realizzare le finalit\u00e0 che ti abbiamo spiegato precedentemente, sottoponiamo i tuoi dati a operazioni di normalizzazione, deduplicazione, filtraggio e verifica. <strong>Come funziona la verifica dei tuoi dati?<\/strong><\/p>\n\n<p>Verifichiamo i tuoi dati in diversi modi:<\/p>\n\n<ul class=\"wp-block-list\">\n<li><strong>Telefono:<\/strong> al momento della registrazione, un sistema automatico effettuer\u00e0 una chiamata di verifica in cui ti chiederemo di premere un tasto per indicarci se quel numero di telefono ti appartiene effettivamente.<\/li>\n\n\n\n<li><strong>Email:<\/strong> Se al momento dell&#8217;invio di una email gli Internet Service Providers ci comunicano che il tuo indirizzo email non esiste, hai contrassegnato la comunicazione come indesiderata o hai presentato un reclamo, disabiliteremo il tuo indirizzo email per assicurarti che non riceverai pi\u00f9 nessuna comunicazione commerciale da parte nostra.<\/li>\n<\/ul>\n\n<p>Per noi \u00e8 molto importante che i tuoi dati siano corretti poich\u00e9, utilizzandoli per finalit\u00e0 commerciali, abbiamo bisogno che siano esatti e veritieri per garantire la tua contattabilit\u00e0 in relazione alle finalit\u00e0 pubblicitarie.<\/p>\n\n<p><strong>Attraverso quali canali ti possono arrivare le comunicazioni commerciali e su quali settori di attivit\u00e0 potresti ricevere informazioni?<\/strong><\/p>\n\n<p>Sia nel caso delle comunicazioni effettuate dalla nostra azienda, sia nel caso delle comunicazioni effettuate da terze parti, le comunicazioni commerciali ti potranno arrivare attraverso i seguenti canali:<\/p>\n\n<ul class=\"wp-block-list\">\n<li>Email,<\/li>\n\n\n\n<li>Posta ordinaria<\/li>\n\n\n\n<li>Chiamate telefoniche su linee fisse o mobili<\/li>\n\n\n\n<li>Invio di messaggi SMS e\/o MMS<\/li>\n\n\n\n<li>Servizi di messaggistica multipiattaforma, chat<\/li>\n\n\n\n<li>Chiamate automatizzate senza intervento umano<\/li>\n\n\n\n<li>Notifiche Push<\/li>\n<\/ul>\n\n<p>I settori di attivit\u00e0 sui quali potresti ricevere informazioni sono i seguenti:<\/p>\n\n<ul class=\"wp-block-list\">\n<li><strong>Telecomunicazioni:<\/strong> Prodotti e servizi di telecomunicazioni e tecnologia.<\/li>\n\n\n\n<li><strong>Finanziario:<\/strong> Prodotti e servizi offerti da enti finanziari, assicurativi e Previdenza sociale, intermediazione finanziaria ed intermediazione assicurativa. <\/li>\n\n\n\n<li><strong>Tempo libero: <\/strong>Editoria, Turismo, Sport, Collezionismo, Fotografia, Passatempi, Giocattoli, Trasporti, Giardinaggio, Hobbies, Lotterie, gruppi di lotterie, Comunicazione e intrattenimento. Cartomanzia. <\/li>\n\n\n\n<li><strong>Grande consumo:<\/strong> Elettronica, Informatica, Tessile, Immagine e Suono, Accessori, Casa, Bazar, Cura personale (Cosmetica, Profumeria, Parafarmacia, Specialit\u00e0 Farmaceutiche pubblicitarie), Mobili, Alimentazione e Bevande, Materiali da Cucina. Moda e decorazione.<\/li>\n\n\n\n<li><strong>Ottica e optometria.<\/strong><\/li>\n\n\n\n<li><strong>Automobilismo:<\/strong> Prodotti e servizi legati ad Automobili, Motociclette, Camion.<\/li>\n\n\n\n<li><strong>Propaganda elettorale.<\/strong><\/li>\n\n\n\n<li><strong>Educazione.<\/strong><\/li>\n\n\n\n<li><strong>Energia e acqua<\/strong>: Prodotti legati all&#8217;Energia, Gas, Elettricit\u00e0 e Acqua.<\/li>\n\n\n\n<li><strong>Organizzazioni senza scopo di lucro:<\/strong> Ong, Fondazioni.<\/li>\n\n\n\n<li><strong>Aziende di marketing\/ call center.<\/strong><\/li>\n\n\n\n<li><strong>Consulenza Tecnico\/Giuridica:<\/strong> Servizi giuridici amministrativi e professionali, consulenza e audit fiscale, contabile, lavorativa, civile e commerciale.<\/li>\n\n\n\n<li><strong>Call center, aziende di marketing.<\/strong><\/li>\n<\/ul>\n\n<p><strong>Quali dati raccogliamo?<\/strong><\/p>\n\n<p>Raccogliamo i seguenti dati obbligatori:<\/p>\n\n<ul class=\"wp-block-list\">\n<li>Sesso<\/li>\n\n\n\n<li>Email<\/li>\n\n\n\n<li>Nome<\/li>\n\n\n\n<li>Cognome<\/li>\n\n\n\n<li>Telefono<\/li>\n\n\n\n<li>Cellulare<\/li>\n\n\n\n<li>Codice Postale<\/li>\n\n\n\n<li>Citt\u00e0<\/li>\n\n\n\n<li>Data di nascita (non \u00e8 possibile registrarsi se si ha meno di 18 anni)<\/li>\n\n\n\n<li>Indirizzo postale (Via, Numero, Piano, Porta) anche se a volte non viene richiesto.<\/li>\n<\/ul>\n\n<p>Oltre a questi dati, registriamo il tuo IP di registrazione e l&#8217;user agent (stringa di testo che identifica il tuo dispositivo, browser e sistema operativo).<\/p>\n\n<p>Volontariamente, attraverso determinate domande, potrai informarci su determinati aspetti come quali aziende ti forniscono elettricit\u00e0, gas o internet; se hai figli e in quale fascia d&#8217;et\u00e0 si trovano; se lavori e quale \u00e8 la tua professione; se collabori con qualche ONG. <\/p>\n\n<ol start=\"3\" class=\"wp-block-list\">\n<li><strong>3. QUAL \u00c8 LA LEGITTIMAZIONE PER IL TRATTAMENTO DEI TUOI DATI?<\/strong><\/li>\n<\/ol>\n\n<p>A seconda della finalit\u00e0, la base giuridica di legittimazione varia:<\/p>\n\n<p><strong>Trattamenti relativi alla prestazione dell&#8217;assistenza nutrizionale<\/strong><\/p>\n\n<ul class=\"wp-block-list\">\n<li>Per poter effettuare la valutazione del tuo stato di salute e del tuo stato nutrizionale, per elaborare piani d&#8217;azione con l&#8217;obiettivo di migliorare la tua salute nutrizionale e per poter monitorare la tua evoluzione, la nostra base giuridica di legittimazione \u00e8 l&#8217;esecuzione del contratto ai sensi dell&#8217;articolo 6.1 lett.b) del Regolamento Generale sulla Protezione dei Dati (d\u2019ora in aventi \u201cGDPR\u201d) e ai sensi dell&#8217;articolo 9.2 lett.h) GDPR che consente ai nutrizionisti che ti assisteranno di trattare i tuoi dati sanitari per poter effettuare l&#8217;assistenza sanitaria, la diagnosi medica, la prestazione di assistenza o il trattamento di tipo sanitario o sociale.<\/li>\n\n\n\n<li>Per la gestione del tuo ordine, la fatturazione e la gestione del pagamento, la nostra base giuridica di legittimazione \u00e8 l&#8217;esecuzione di un contratto di cui l&#8217;interessato \u00e8 parte.<\/li>\n\n\n\n<li>Per poter pubblicare i video e le foto che ci invii sui nostri profili social e sito web e condividere cos\u00ec i tuoi successi, la base giuridica che utilizziamo \u00e8 il tuo consenso.<\/li>\n\n\n\n<li>Per inviarti la nostra newsletter nel caso desideri riceverla, la base giuridica che utilizziamo \u00e8 il tuo consenso.<\/li>\n\n\n\n<li>Trattamenti relativi alle finalit\u00e0 pubblicitarie:<br\/>Per l&#8217;invio di comunicazioni commerciali di terzi, oltre che per la comunicazione dei tuoi dati a terze aziende inserzioniste, la base giuridica che legittima il trattamento \u00e8 il tuo consenso. <br\/>Il tuo consenso potr\u00e0 essere conferito tramite i checkbox che troverai nel modulo di registrazione, la cui selezione non sar\u00e0 in nessun caso obbligatoria.<br\/>Per la segmentazione degli interessati in base alle campagne che verranno realizzate la base giuridica che legittima il trattamento \u00e8 il nostro legittimo interesse per cercare di garantire il miglior risultato delle campagne pubblicitarie.<\/li>\n<\/ul>\n\n<p><strong>4. A QUALI DESTINATARI SARANNO COMUNICATI I TUOI DATI PERSONALI?<\/strong><\/p>\n\n<p>I dati relativi al tuo stato nutrizionale non saranno mai ceduti a terze parti.<br\/>In relazione alle finalit\u00e0 pubblicitarie, ALDANITI INTERNATIONAL NETWORK, LTD, ADSALSA SLU, e ADSALSA ITALIA PUBLICIDAD SUCURSAL potranno comunicare i tuoi dati a aziende, organizzazioni e\/o enti interessati a effettuare azioni pubblicitarie o studi di mercato. Le aziende destinatarie dei tuoi dati potranno appartenere ai settori di attivit\u00e0 che ti abbiamo indicato sopra nel punto chiamato &#8220;Attraverso quali canali ti potranno arrivare le comunicazioni commerciali e su quali settori di attivit\u00e0 potrai ricevere informazioni?&#8221; <\/p>\n\n<p><strong>5. QUALI SONO I TUOI DIRITTI QUANDO CI FORNISCI I TUOI DATI PERSONALI?<\/strong><\/p>\n\n<p>Hai diritto a:<\/p>\n\n<ul class=\"wp-block-list\">\n<li>Accedere ad i tuoi dati.<\/li>\n\n\n\n<li>Chiedere la rettificazione<\/li>\n\n\n\n<li>Chiedere la cancellazione<\/li>\n\n\n\n<li>Opporti al trattamento.<\/li>\n\n\n\n<li>Chiedere la limitazione del trattamento.<\/li>\n\n\n\n<li>Chiedere la portabilit\u00e0 dei dati.<\/li>\n<\/ul>\n\n<p>Pertanto, per l&#8217;esercizio dei tuoi diritti, potrai contattare: <br\/>ALDANITI INTERNATIONAL NETWORK, LTD<br\/>Regus One Capital Quarter, 1 Capital Quarter, Tyndall Street<br\/>Cardiff (CF10 4BZ), Galles<br\/>info@aldanitigroup.com<br\/>Contatto con il DPO: dpo@aldanitigroup.com<\/p>\n\n<p><strong>In relazione alle finalit\u00e0 pubblicitarie, se sei residente in SPAGNA:<\/strong><br\/>ADSALSA SLU<br\/>C\/ Fil\u00e1 Abencerrajes n\u00ba 4, Pol Ind Cotes Altes, 03804, Alcoy (Alicante)<br\/>Contatto con il Delegato per la Protezione dei Dati: dpo@adsalsagroup.com<\/p>\n\n<ul class=\"wp-block-list\">\n<li><strong>Se sei residente in ITALIA:<\/strong><\/li>\n\n\n\n<li>ADSALSA ITALIA PUBLICIDAD SUCURSAL Via Roma n. 16<br\/>20091 Bresso (MI)<br\/>C.F. e P.I. 06723050966<br\/>Telefono: 02 47921660<\/li>\n\n\n\n<li>Via Roma n. 16 <\/li>\n\n\n\n<li>20091 Bresso (MI)<\/li>\n\n\n\n<li>C.F. e P.I. 06723050966<\/li>\n\n\n\n<li>Telefono: 02 47921660<\/li>\n\n\n\n<li><a href=\"https:\/\/mail.google.com\/mail\/?view=cm&amp;fs=1&amp;tf=1&amp;to=info@lafabbricadeipremi.com\" target=\"_blank\" rel=\"noopener\">info@lafabbricadeipremi.com<\/a><\/li>\n<\/ul>\n\n<p>La tua richiesta dovr\u00e0 includere la data, il nome e il cognome, la petizione in cui si concretizza la richiesta, l&#8217;indirizzo ai fini di notifica.<br\/>Nel caso in cui ritieni che una delle aziende non abbia risolto correttamente la tua richiesta, potrai rivolgerti alle autorit\u00e0 di protezione dei dati per richiedere tutela (<a href=\"https:\/\/ico.org.uk\/\" target=\"_blank\" rel=\"noopener\">https:\/\/ico.org.uk<\/a>\/, <a href=\"http:\/\/www.agpd.es\" target=\"_blank\" rel=\"noopener\">www.agpd.es<\/a>, o <a href=\"https:\/\/garanteprivacy.it\/\" target=\"_blank\" rel=\"noopener\">https:\/\/garanteprivacy.it\/<\/a>). <\/p>\n\n<p><\/p>\n\n<p><\/p>\n","protected":false},"excerpt":{"rendered":"<p>A seconda del servizio offerto e del tuo paese di origine, il trattamento dei tuoi dati sar\u00e0 effettuato da una delle aziende di seguito indicate. Per quanto riguarda i servizi di nutrizione, che includono la valutazione del tuo stato di salute e del tuo stato nutrizionale, l&#8217;elaborazione di piani d&#8217;azione e il monitoraggio dei risultati [&hellip;]<\/p>\n","protected":false},"author":1,"featured_media":0,"parent":0,"menu_order":0,"comment_status":"closed","ping_status":"closed","template":"","meta":{"_et_pb_use_builder":"","_et_pb_old_content":"","_et_gb_content_width":"","footnotes":""},"class_list":["post-300","page","type-page","status-publish","hentry"],"_links":{"self":[{"href":"https:\/\/aldanitinetwork.com\/it\/wp-json\/wp\/v2\/pages\/300","targetHints":{"allow":["GET"]}}],"collection":[{"href":"https:\/\/aldanitinetwork.com\/it\/wp-json\/wp\/v2\/pages"}],"about":[{"href":"https:\/\/aldanitinetwork.com\/it\/wp-json\/wp\/v2\/types\/page"}],"author":[{"embeddable":true,"href":"https:\/\/aldanitinetwork.com\/it\/wp-json\/wp\/v2\/users\/1"}],"replies":[{"embeddable":true,"href":"https:\/\/aldanitinetwork.com\/it\/wp-json\/wp\/v2\/comments?post=300"}],"version-history":[{"count":2,"href":"https:\/\/aldanitinetwork.com\/it\/wp-json\/wp\/v2\/pages\/300\/revisions"}],"predecessor-version":[{"id":306,"href":"https:\/\/aldanitinetwork.com\/it\/wp-json\/wp\/v2\/pages\/300\/revisions\/306"}],"wp:attachment":[{"href":"https:\/\/aldanitinetwork.com\/it\/wp-json\/wp\/v2\/media?parent=300"}],"curies":[{"name":"wp","href":"https:\/\/api.w.org\/{rel}","templated":true}]}}